{"id":1632,"date":"2021-02-08T12:02:50","date_gmt":"2021-02-08T11:02:50","guid":{"rendered":"https:\/\/mawera.com\/azienda\/"},"modified":"2025-05-22T14:01:24","modified_gmt":"2025-05-22T12:01:24","slug":"azienda","status":"publish","type":"page","link":"https:\/\/mawera.com\/it\/azienda\/","title":{"rendered":"Azienda"},"content":{"rendered":"<p><\/p><div class=\"fusion-fullwidth fullwidth-box fusion-builder-row-1 fusion-flex-container has-pattern-background has-mask-background fusion-parallax-none page-header hundred-percent-fullwidth non-hundred-percent-height-scrolling\" style=\"--awb-background-position:left center;--awb-border-radius-top-left:0px;--awb-border-radius-top-right:0px;--awb-border-radius-bottom-right:0px;--awb-border-radius-bottom-left:0px;--awb-margin-top:0px;--awb-margin-bottom:0px;--awb-min-height:500px;--awb-background-image:url(&quot;https:\/\/mawera.com\/wp-content\/uploads\/wald-header-scaled.jpg&quot;);--awb-background-size:cover;\"><div class=\"fusion-builder-row fusion-row fusion-flex-align-items-flex-start\" style=\"width:100% !important;max-width:100% !important;margin-left: calc(-0% \/ 2 );margin-right: calc(-0% \/ 2 );\"><\/div><\/div><div class=\"fusion-fullwidth fullwidth-box fusion-builder-row-2 fusion-flex-container bg-white-pad nonhundred-percent-fullwidth non-hundred-percent-height-scrolling\" style=\"--awb-border-radius-top-left:0px;--awb-border-radius-top-right:0px;--awb-border-radius-bottom-right:0px;--awb-border-radius-bottom-left:0px;\"><div class=\"fusion-builder-row fusion-row fusion-flex-align-items-flex-start\" style=\"max-width:1200px;margin-left: calc(-0% \/ 2 );margin-right: calc(-0% \/ 2 );\"><div class=\"fusion-layout-column fusion_builder_column fusion-builder-column-0 fusion_builder_column_3_4 3_4 fusion-flex-column\" style=\"--awb-padding-right:40px;--awb-bg-size:cover;--awb-width-large:75%;--awb-margin-top-large:0px;--awb-spacing-right-large:0%;--awb-margin-bottom-large:0px;--awb-spacing-left-large:0%;--awb-width-medium:75%;--awb-order-medium:0;--awb-spacing-right-medium:0%;--awb-spacing-left-medium:0%;--awb-width-small:100%;--awb-order-small:0;--awb-spacing-right-small:0%;--awb-spacing-left-small:0%;\" data-motion-effects=\"[{&quot;type&quot;:&quot;&quot;,&quot;scroll_type&quot;:&quot;transition&quot;,&quot;scroll_direction&quot;:&quot;up&quot;,&quot;transition_speed&quot;:&quot;1&quot;,&quot;fade_type&quot;:&quot;in&quot;,&quot;scale_type&quot;:&quot;up&quot;,&quot;initial_scale&quot;:&quot;1&quot;,&quot;max_scale&quot;:&quot;1.5&quot;,&quot;min_scale&quot;:&quot;0.5&quot;,&quot;initial_rotate&quot;:&quot;0&quot;,&quot;end_rotate&quot;:&quot;30&quot;,&quot;initial_blur&quot;:&quot;0&quot;,&quot;end_blur&quot;:&quot;3&quot;,&quot;start_element&quot;:&quot;top&quot;,&quot;start_viewport&quot;:&quot;bottom&quot;,&quot;end_element&quot;:&quot;bottom&quot;,&quot;end_viewport&quot;:&quot;top&quot;,&quot;mouse_effect&quot;:&quot;track&quot;,&quot;mouse_effect_direction&quot;:&quot;opposite&quot;,&quot;mouse_effect_speed&quot;:&quot;2&quot;,&quot;infinite_animation&quot;:&quot;float&quot;,&quot;infinite_animation_speed&quot;:&quot;2&quot;}]\" data-scroll-devices=\"small-visibility,medium-visibility,large-visibility\"><div class=\"fusion-column-wrapper fusion-column-has-shadow fusion-flex-justify-content-flex-start fusion-content-layout-column\"><div class=\"fusion-text fusion-text-1\"><h1>Sistemi efficienti per lo sfruttamento degli scarti di produzione per la produzione di energia<\/h1>\n<p>Dal 1975 costru\u00adiamo impianti a bio\u00admas\u00adsa indus\u00adtri\u00adali per la pro\u00adduzione di ener\u00adgia. I com\u00adbustibili da bio\u00admas\u00adsa sono meno sogget\u00adti a oscil\u00adlazioni di prez\u00adzo rispet\u00adto ai com\u00adbustibili fos\u00adsili e soprat\u00adtut\u00adto for\u00adniscono un con\u00adtrib\u00adu\u00adto deter\u00admi\u00adnante alla vivi\u00adbil\u00adit\u00e0 futu\u00adra gra\u00adzie alla loro sosteni\u00adbil\u00adit\u00e0 e neu\u00adtral\u00adit\u00e0 car\u00adbon\u00adi\u00adca.<\/p>\n<\/div><div class=\"fusion-text fusion-text-2\"><h2>Acquisizione della Societ\u00e0 di Assistenza Tecnica Biomassa Viessmann di Dillenburg<\/h2>\n<p>Nel novem\u00adbre 2020, MAWERA ha ril\u00ade\u00adva\u00adto la divi\u00adsione bio\u00admas\u00adsa da Viess\u00admann Indus\u00adtri\u00adal Ser\u00advice e quin\u00addi anche l\u2019as\u00adsis\u00adten\u00adza dei sis\u00adte\u00admi Weiss.<\/p>\n<p>Cos\u00ec siamo pre\u00adsen\u00adti con nos\u00adtre fil\u00adiali e cen\u00adtri di com\u00adpe\u00adten\u00adza nei mer\u00adcati per noi pi\u00f9 impor\u00adtan\u00adti.<\/p>\n<ul>\n<li>Cen\u00adtro di com\u00adpe\u00adten\u00adza Svizzera: MAWERA, Impianti K\u00f6b e M\u00fcller, MAWERA CH AG<\/li>\n<li>Cen\u00adtro di com\u00adpe\u00adten\u00adza Italia: MAWERA e Impianti K\u00f6b, MAWERA Italia S.r.l<\/li>\n<li>Cen\u00adtro di com\u00adpe\u00adten\u00adza Ger\u00adma\u00adnia: MAWERA e Impianti Weiss, MAWERA Deutsch\u00adland GmbH<\/li>\n<\/ul>\n<p>Il nos\u00adtro com\u00adpe\u00adtente team di assis\u00adten\u00adza ha un obi\u00adet\u00adti\u00advo: sod\u00addis\u00adfare i cli\u00aden\u00adti con inter\u00adven\u00adti rapi\u00addi, riso\u00adlu\u00adtivi e sosteni\u00adbili.<\/p>\n<\/div><\/div><\/div><div class=\"fusion-layout-column fusion_builder_column fusion-builder-column-1 fusion_builder_column_1_4 1_4 fusion-flex-column\" style=\"--awb-bg-size:cover;--awb-width-large:25%;--awb-margin-top-large:0px;--awb-spacing-right-large:0%;--awb-margin-bottom-large:0px;--awb-spacing-left-large:0%;--awb-width-medium:25%;--awb-order-medium:0;--awb-spacing-right-medium:0%;--awb-spacing-left-medium:0%;--awb-width-small:100%;--awb-order-small:0;--awb-spacing-right-small:0%;--awb-spacing-left-small:0%;\"><div class=\"fusion-column-wrapper fusion-column-has-shadow fusion-flex-justify-content-flex-start fusion-content-layout-column\"><div class=\"fusion-image-element \" style=\"text-align:center;--awb-margin-bottom:5%;--awb-caption-title-font-family:var(--h2_typography-font-family);--awb-caption-title-font-weight:var(--h2_typography-font-weight);--awb-caption-title-font-style:var(--h2_typography-font-style);--awb-caption-title-size:var(--h2_typography-font-size);--awb-caption-title-transform:var(--h2_typography-text-transform);--awb-caption-title-line-height:var(--h2_typography-line-height);--awb-caption-title-letter-spacing:var(--h2_typography-letter-spacing);\"><span class=\"image-scroll\"><img decoding=\"async\" width=\"500\" height=\"529\" title=\"MW23-GE-Grafik-IT-100x100cm-RGB_web\" src=\"https:\/\/mawera.com\/wp-content\/uploads\/MW23-GE-Grafik-IT-100x100cm-RGB_web.png\" alt class=\"img-responsive wp-image-4825\" srcset=\"https:\/\/mawera.com\/wp-content\/uploads\/MW23-GE-Grafik-IT-100x100cm-RGB_web-200x212.png 200w, https:\/\/mawera.com\/wp-content\/uploads\/MW23-GE-Grafik-IT-100x100cm-RGB_web-400x423.png 400w, https:\/\/mawera.com\/wp-content\/uploads\/MW23-GE-Grafik-IT-100x100cm-RGB_web.png 500w\" sizes=\"(max-width: 1080px) 100vw, 400px\"><\/span><\/div><\/div><\/div><\/div><\/div><div class=\"fusion-fullwidth fullwidth-box fusion-builder-row-3 fusion-flex-container has-pattern-background has-mask-background bg-white-pad nonhundred-percent-fullwidth non-hundred-percent-height-scrolling\" style=\"--awb-border-radius-top-left:0px;--awb-border-radius-top-right:0px;--awb-border-radius-bottom-right:0px;--awb-border-radius-bottom-left:0px;--awb-padding-top:50px;--awb-padding-bottom:50px;--awb-background-color:#004030;\"><div class=\"fusion-builder-row fusion-row fusion-flex-align-items-center fusion-flex-justify-content-center\" style=\"max-width:1200px;margin-left: calc(-0% \/ 2 );margin-right: calc(-0% \/ 2 );\"><div class=\"fusion-layout-column fusion_builder_column fusion-builder-column-2 fusion_builder_column_1_2 1_2 fusion-flex-column fusion-flex-align-self-flex-start\" style=\"--awb-bg-size:cover;--awb-width-large:50%;--awb-margin-top-large:0px;--awb-spacing-right-large:0%;--awb-margin-bottom-large:0px;--awb-spacing-left-large:0%;--awb-width-medium:50%;--awb-order-medium:0;--awb-spacing-right-medium:0%;--awb-spacing-left-medium:0%;--awb-width-small:100%;--awb-order-small:0;--awb-spacing-right-small:0%;--awb-spacing-left-small:0%;\" data-motion-effects=\"[{&quot;type&quot;:&quot;&quot;,&quot;scroll_type&quot;:&quot;transition&quot;,&quot;scroll_direction&quot;:&quot;up&quot;,&quot;transition_speed&quot;:&quot;1&quot;,&quot;fade_type&quot;:&quot;in&quot;,&quot;scale_type&quot;:&quot;up&quot;,&quot;initial_scale&quot;:&quot;1&quot;,&quot;max_scale&quot;:&quot;1.5&quot;,&quot;min_scale&quot;:&quot;0.5&quot;,&quot;initial_rotate&quot;:&quot;0&quot;,&quot;end_rotate&quot;:&quot;30&quot;,&quot;initial_blur&quot;:&quot;0&quot;,&quot;end_blur&quot;:&quot;3&quot;,&quot;start_element&quot;:&quot;top&quot;,&quot;start_viewport&quot;:&quot;bottom&quot;,&quot;end_element&quot;:&quot;bottom&quot;,&quot;end_viewport&quot;:&quot;top&quot;,&quot;mouse_effect&quot;:&quot;track&quot;,&quot;mouse_effect_direction&quot;:&quot;opposite&quot;,&quot;mouse_effect_speed&quot;:&quot;2&quot;,&quot;infinite_animation&quot;:&quot;float&quot;,&quot;infinite_animation_speed&quot;:&quot;2&quot;}]\" data-scroll-devices=\"small-visibility,medium-visibility,large-visibility\"><div class=\"fusion-column-wrapper fusion-column-has-shadow fusion-flex-justify-content-flex-start fusion-content-layout-column\"><div class=\"fusion-text fusion-text-3\" style=\"--awb-text-color:#ffffff;--awb-margin-right:40px;\"><p><strong>La nos\u00adtra sto\u00adria<\/strong><\/p>\n<p>La soci\u00adet\u00e0 Holzfeuerungsan\u00adla\u00adgen GmbH (HFA) \u00e8 sta\u00adta fon\u00adda\u00adta nel 1975 con il nome \u201cMAWERA\u201d. Siamo spe\u00adcial\u00adiz\u00adza\u00adti nel\u00adlo svilup\u00adpo e nel\u00adla costruzione di gran\u00addi impianti indus\u00adtri\u00adali a bio\u00admas\u00adsa e for\u00adni\u00adamo assis\u00adten\u00adza tec\u00adni\u00adca a oltre 3000 cli\u00aden\u00adti nel set\u00adtore bio\u00admas\u00adsa. Dal 2020, MAWERA \u00e8 un\u2019azien\u00adda del Grup\u00adpo LEGRO (com\u00adpre\u00adso il Grup\u00adpo IMA Schelling). La fusione tra la MAWERA e la Hold\u00ading SAB garan\u00adtisce con\u00adti\u00adnu\u00adit\u00e0 nell\u2019ambito dei prodot\u00adti come pure in quel\u00adlo <a href=\"https:\/\/mawera.com\/it\/assistenza\/\">dell\u2019assistenza<\/a> e dell\u2019approvvigionamento di ricam\u00adbi. La nuo\u00adva fusione crea nel lun\u00adgo peri\u00ado\u00addo solide prospet\u00adtive per tut\u00adti i cli\u00aden\u00adti, i part\u00adner e i dipen\u00adden\u00adti.<\/p>\n<\/div><\/div><\/div><div class=\"fusion-layout-column fusion_builder_column fusion-builder-column-3 fusion_builder_column_1_2 1_2 fusion-flex-column fusion-flex-align-self-flex-start\" style=\"--awb-bg-size:cover;--awb-width-large:50%;--awb-margin-top-large:0px;--awb-spacing-right-large:0%;--awb-margin-bottom-large:0px;--awb-spacing-left-large:0%;--awb-width-medium:50%;--awb-order-medium:0;--awb-spacing-right-medium:0%;--awb-spacing-left-medium:0%;--awb-width-small:100%;--awb-order-small:0;--awb-spacing-right-small:0%;--awb-spacing-left-small:0%;\" data-motion-effects=\"[{&quot;type&quot;:&quot;&quot;,&quot;scroll_type&quot;:&quot;transition&quot;,&quot;scroll_direction&quot;:&quot;up&quot;,&quot;transition_speed&quot;:&quot;1&quot;,&quot;fade_type&quot;:&quot;in&quot;,&quot;scale_type&quot;:&quot;up&quot;,&quot;initial_scale&quot;:&quot;1&quot;,&quot;max_scale&quot;:&quot;1.5&quot;,&quot;min_scale&quot;:&quot;0.5&quot;,&quot;initial_rotate&quot;:&quot;0&quot;,&quot;end_rotate&quot;:&quot;30&quot;,&quot;initial_blur&quot;:&quot;0&quot;,&quot;end_blur&quot;:&quot;3&quot;,&quot;start_element&quot;:&quot;top&quot;,&quot;start_viewport&quot;:&quot;bottom&quot;,&quot;end_element&quot;:&quot;bottom&quot;,&quot;end_viewport&quot;:&quot;top&quot;,&quot;mouse_effect&quot;:&quot;track&quot;,&quot;mouse_effect_direction&quot;:&quot;opposite&quot;,&quot;mouse_effect_speed&quot;:&quot;2&quot;,&quot;infinite_animation&quot;:&quot;float&quot;,&quot;infinite_animation_speed&quot;:&quot;2&quot;}]\" data-scroll-devices=\"small-visibility,medium-visibility,large-visibility\"><div class=\"fusion-column-wrapper fusion-column-has-shadow fusion-flex-justify-content-flex-start fusion-content-layout-column\"><div class=\"fusion-text fusion-text-4\" style=\"--awb-text-color:#ffffff;--awb-margin-right:40px;\"><p><strong>Qual\u00adit\u00e0 superla\u00adti\u00adva \u2013 fin nei min\u00adi\u00admi det\u00adtagli<\/strong><\/p>\n<p>Il sod\u00addis\u00adfaci\u00admen\u00adto dei mas\u00adsi\u00admi req\u00adui\u00adsi\u00adti \u00e8 il pun\u00adto di parten\u00adza del nos\u00adtro lavoro, che si trat\u00adti di ricer\u00adca o prog\u00adet\u00adtazione, di pro\u00adduzione o manuten\u00adzione. Ogni cal\u00adda\u00adia \u00e8 real\u00adiz\u00adza\u00adta arti\u00adgianal\u00admente nel rispet\u00adto di rig\u00adorosi stan\u00addard di con\u00adtrol\u00adlo di qual\u00adit\u00e0.<\/p>\n<p>Per i nos\u00adtri impianti uti\u00adlizzi\u00adamo esclu\u00adsi\u00adva\u00admente com\u00adpo\u00adnen\u00adti di alta qual\u00adit\u00e0. I cri\u00adteri di scelta sui quali ci basi\u00adamo sono la qual\u00adit\u00e0, l\u2019efficienza e l\u2019interazione otti\u00admale dei sin\u00adgoli com\u00adpo\u00adnen\u00adti non meno del\u00adla loro longevit\u00e0 e sem\u00adplic\u00adit\u00e0 di manuten\u00adzione. Oltre a garan\u00adtire un ele\u00adva\u00adto ciclo di vita e un\u2019elevata disponi\u00adbil\u00adit\u00e0 dell\u2019impianto, questo ci per\u00adme\u00adtte di ottimiz\u00adzare soprat\u00adtut\u00adto i costi per tut\u00adta la sua dura\u00adta utile.<\/p>\n<\/div><div style=\"text-align:left;\"><a class=\"fusion-button button-flat fusion-button-default-size button-default fusion-button-default button-1 fusion-button-default-span fusion-button-default-type\" target=\"_self\" href=\"https:\/\/mawera.com\/it\/impianti-di-combustione-a-legna\/\"><span class=\"fusion-button-text\">Vai agli impianti di com\u00adbus\u00adtione a leg\u00adna<\/span><\/a><\/div><\/div><\/div><\/div><\/div><div class=\"fusion-fullwidth fullwidth-box fusion-builder-row-4 fusion-flex-container bg-white-pad nonhundred-percent-fullwidth non-hundred-percent-height-scrolling\" style=\"--awb-border-radius-top-left:0px;--awb-border-radius-top-right:0px;--awb-border-radius-bottom-right:0px;--awb-border-radius-bottom-left:0px;\"><div class=\"fusion-builder-row fusion-row fusion-flex-align-items-flex-start\" style=\"max-width:1200px;margin-left: calc(-0% \/ 2 );margin-right: calc(-0% \/ 2 );\"><div class=\"fusion-layout-column fusion_builder_column fusion-builder-column-4 fusion_builder_column_1_1 1_1 fusion-flex-column\" style=\"--awb-bg-size:cover;--awb-width-large:100%;--awb-margin-top-large:0px;--awb-spacing-right-large:0%;--awb-margin-bottom-large:0px;--awb-spacing-left-large:0%;--awb-width-medium:100%;--awb-order-medium:0;--awb-spacing-right-medium:0%;--awb-spacing-left-medium:0%;--awb-width-small:100%;--awb-order-small:0;--awb-spacing-right-small:0%;--awb-spacing-left-small:0%;\"><div class=\"fusion-column-wrapper fusion-column-has-shadow fusion-flex-justify-content-flex-start fusion-content-layout-column\"><div class=\"fusion-text fusion-text-5 mt1em\"><h2>Assistenza \u2013 siamo i vostri partner per l\u2019intero ciclo di vita dell\u2019impianto<\/h2>\n<p>Un buon servizio di assis\u00adten\u00adza si vede nel momen\u00adto del bisog\u00adno. Per questo for\u00adni\u00adamo servizi mirati alla vos\u00adtra quo\u00adtid\u00adi\u00adan\u00adit\u00e0 lavo\u00adra\u00adti\u00adva. I nos\u00adtri esper\u00adti e com\u00adpe\u00adten\u00adti col\u00adlab\u00ado\u00adra\u00adtori vi accom\u00adpa\u00adg\u00adnano con il nos\u00adtro pro\u00adgram\u00adma di assis\u00adten\u00adza. Qui vi offri\u00adamo con\u00adtrat\u00adti di manuten\u00adzione su misura, manuten\u00adzione remo\u00adta in caso di guas\u00adto e una ges\u00adtione pro\u00adfes\u00adsion\u00adale dei ricam\u00adbi dal\u00adla A alla Z.<\/p>\n<\/div><div style=\"text-align:left;\"><a class=\"fusion-button button-flat fusion-button-default-size button-default fusion-button-default button-2 fusion-button-default-span fusion-button-default-type\" target=\"_self\" href=\"https:\/\/mawera.com\/it\/assistenza\/\"><span class=\"fusion-button-text\">Vai all\u2019Assistenza<\/span><\/a><\/div><div class=\"fusion-text fusion-text-6 button-pre-text\" style=\"--awb-content-alignment:center;\"><p>Come pos\u00adsi\u00adamo aiu\u00adtar\u00adti?<\/p>\n<\/div><div style=\"text-align:center;\"><a class=\"fusion-button button-flat fusion-button-default-size button-default fusion-button-default button-3 fusion-button-default-span fusion-button-default-type\" target=\"_self\" href=\"https:\/\/mawera.com\/it\/azienda\/contatti\/\"><span class=\"fusion-button-text\">Con\u00adtattaci subito<\/span><\/a><\/div><\/div><\/div><\/div><\/div>","protected":false},"excerpt":{"rendered":"","protected":false},"author":2,"featured_media":0,"parent":0,"menu_order":0,"comment_status":"closed","ping_status":"closed","template":"100-width.php","meta":{"om_disable_all_campaigns":false,"wp_typography_post_enhancements_disabled":false,"footnotes":""},"class_list":["post-1632","page","type-page","status-publish","hentry"],"yoast_head":"<!-- This site is optimized with the Yoast SEO plugin v27.5 - https:\/\/yoast.com\/product\/yoast-seo-wordpress\/ -->\n<title>Azienda &#8211; MAWERA GmbH<\/title>\n<meta name=\"description\" content=\"Sistemi di caldaie a biomassa per la generazione di energia con la biomassa come combustibile per la sostenibilit\u00e0 e la neutralit\u00e0 di CO2 \u00e8 il futuro\" \/>\n<meta name=\"robots\" content=\"index, follow, max-snippet:-1, max-image-preview:large, max-video-preview:-1\" \/>\n<link rel=\"canonical\" href=\"https:\/\/mawera.com\/it\/azienda\/\" \/>\n<meta property=\"og:locale\" content=\"it_IT\" \/>\n<meta property=\"og:type\" content=\"article\" \/>\n<meta property=\"og:title\" content=\"Azienda &#8211; MAWERA GmbH\" \/>\n<meta property=\"og:description\" content=\"Sistemi di caldaie a biomassa per la generazione di energia con la biomassa come combustibile per la sostenibilit\u00e0 e la neutralit\u00e0 di CO2 \u00e8 il futuro\" \/>\n<meta property=\"og:url\" content=\"https:\/\/mawera.com\/it\/azienda\/\" \/>\n<meta property=\"og:site_name\" content=\"MAWERA GmbH\" \/>\n<meta property=\"article:modified_time\" content=\"2025-05-22T12:01:24+00:00\" \/>\n<meta name=\"twitter:card\" content=\"summary_large_image\" \/>\n<script type=\"application\/ld+json\" class=\"yoast-schema-graph\">{\"@context\":\"https:\\\/\\\/schema.org\",\"@graph\":[{\"@type\":\"WebPage\",\"@id\":\"https:\\\/\\\/mawera.com\\\/it\\\/azienda\\\/\",\"url\":\"https:\\\/\\\/mawera.com\\\/it\\\/azienda\\\/\",\"name\":\"Azienda &#8211; MAWERA GmbH\",\"isPartOf\":{\"@id\":\"https:\\\/\\\/mawera.com\\\/it\\\/#website\"},\"datePublished\":\"2021-02-08T11:02:50+00:00\",\"dateModified\":\"2025-05-22T12:01:24+00:00\",\"description\":\"Sistemi di caldaie a biomassa per la generazione di energia con la biomassa come combustibile per la sostenibilit\u00e0 e la neutralit\u00e0 di CO2 \u00e8 il futuro\",\"breadcrumb\":{\"@id\":\"https:\\\/\\\/mawera.com\\\/it\\\/azienda\\\/#breadcrumb\"},\"inLanguage\":\"it-IT\",\"potentialAction\":[{\"@type\":\"ReadAction\",\"target\":[\"https:\\\/\\\/mawera.com\\\/it\\\/azienda\\\/\"]}]},{\"@type\":\"BreadcrumbList\",\"@id\":\"https:\\\/\\\/mawera.com\\\/it\\\/azienda\\\/#breadcrumb\",\"itemListElement\":[{\"@type\":\"ListItem\",\"position\":1,\"name\":\"Startseite\",\"item\":\"https:\\\/\\\/mawera.com\\\/it\\\/\"},{\"@type\":\"ListItem\",\"position\":2,\"name\":\"Azienda\"}]},{\"@type\":\"WebSite\",\"@id\":\"https:\\\/\\\/mawera.com\\\/it\\\/#website\",\"url\":\"https:\\\/\\\/mawera.com\\\/it\\\/\",\"name\":\"MAWERA Holzfeuerungsanlagen GmbH\",\"description\":\"Neulandstra\u00dfe 30, 6971 Hard, \u00d6sterreich\",\"publisher\":{\"@id\":\"https:\\\/\\\/mawera.com\\\/it\\\/#organization\"},\"potentialAction\":[{\"@type\":\"SearchAction\",\"target\":{\"@type\":\"EntryPoint\",\"urlTemplate\":\"https:\\\/\\\/mawera.com\\\/it\\\/?s={search_term_string}\"},\"query-input\":{\"@type\":\"PropertyValueSpecification\",\"valueRequired\":true,\"valueName\":\"search_term_string\"}}],\"inLanguage\":\"it-IT\"},{\"@type\":\"Organization\",\"@id\":\"https:\\\/\\\/mawera.com\\\/it\\\/#organization\",\"name\":\"MAWERA Holzfeuerungsanlagen GmbH\",\"url\":\"https:\\\/\\\/mawera.com\\\/it\\\/\",\"logo\":{\"@type\":\"ImageObject\",\"inLanguage\":\"it-IT\",\"@id\":\"https:\\\/\\\/mawera.com\\\/it\\\/#\\\/schema\\\/logo\\\/image\\\/\",\"url\":\"https:\\\/\\\/mawera.com\\\/wp-content\\\/uploads\\\/mawera-logo-de@2x.png\",\"contentUrl\":\"https:\\\/\\\/mawera.com\\\/wp-content\\\/uploads\\\/mawera-logo-de@2x.png\",\"width\":583,\"height\":210,\"caption\":\"MAWERA Holzfeuerungsanlagen GmbH\"},\"image\":{\"@id\":\"https:\\\/\\\/mawera.com\\\/it\\\/#\\\/schema\\\/logo\\\/image\\\/\"},\"sameAs\":[\"https:\\\/\\\/www.linkedin.com\\\/company\\\/mawera-holzfeuerungsanlagen\"]}]}<\/script>\n<!-- \/ Yoast SEO plugin. -->","yoast_head_json":{"title":"Azienda &#8211; MAWERA GmbH","description":"Sistemi di caldaie a biomassa per la generazione di energia con la biomassa come combustibile per la sostenibilit\u00e0 e la neutralit\u00e0 di CO2 \u00e8 il futuro","robots":{"index":"index","follow":"follow","max-snippet":"max-snippet:-1","max-image-preview":"max-image-preview:large","max-video-preview":"max-video-preview:-1"},"canonical":"https:\/\/mawera.com\/it\/azienda\/","og_locale":"it_IT","og_type":"article","og_title":"Azienda &#8211; MAWERA GmbH","og_description":"Sistemi di caldaie a biomassa per la generazione di energia con la biomassa come combustibile per la sostenibilit\u00e0 e la neutralit\u00e0 di CO2 \u00e8 il futuro","og_url":"https:\/\/mawera.com\/it\/azienda\/","og_site_name":"MAWERA GmbH","article_modified_time":"2025-05-22T12:01:24+00:00","twitter_card":"summary_large_image","schema":{"@context":"https:\/\/schema.org","@graph":[{"@type":"WebPage","@id":"https:\/\/mawera.com\/it\/azienda\/","url":"https:\/\/mawera.com\/it\/azienda\/","name":"Azienda &#8211; MAWERA GmbH","isPartOf":{"@id":"https:\/\/mawera.com\/it\/#website"},"datePublished":"2021-02-08T11:02:50+00:00","dateModified":"2025-05-22T12:01:24+00:00","description":"Sistemi di caldaie a biomassa per la generazione di energia con la biomassa come combustibile per la sostenibilit\u00e0 e la neutralit\u00e0 di CO2 \u00e8 il futuro","breadcrumb":{"@id":"https:\/\/mawera.com\/it\/azienda\/#breadcrumb"},"inLanguage":"it-IT","potentialAction":[{"@type":"ReadAction","target":["https:\/\/mawera.com\/it\/azienda\/"]}]},{"@type":"BreadcrumbList","@id":"https:\/\/mawera.com\/it\/azienda\/#breadcrumb","itemListElement":[{"@type":"ListItem","position":1,"name":"Startseite","item":"https:\/\/mawera.com\/it\/"},{"@type":"ListItem","position":2,"name":"Azienda"}]},{"@type":"WebSite","@id":"https:\/\/mawera.com\/it\/#website","url":"https:\/\/mawera.com\/it\/","name":"MAWERA Holzfeuerungsanlagen GmbH","description":"Neulandstra\u00dfe 30, 6971 Hard, \u00d6sterreich","publisher":{"@id":"https:\/\/mawera.com\/it\/#organization"},"potentialAction":[{"@type":"SearchAction","target":{"@type":"EntryPoint","urlTemplate":"https:\/\/mawera.com\/it\/?s={search_term_string}"},"query-input":{"@type":"PropertyValueSpecification","valueRequired":true,"valueName":"search_term_string"}}],"inLanguage":"it-IT"},{"@type":"Organization","@id":"https:\/\/mawera.com\/it\/#organization","name":"MAWERA Holzfeuerungsanlagen GmbH","url":"https:\/\/mawera.com\/it\/","logo":{"@type":"ImageObject","inLanguage":"it-IT","@id":"https:\/\/mawera.com\/it\/#\/schema\/logo\/image\/","url":"https:\/\/mawera.com\/wp-content\/uploads\/mawera-logo-de@2x.png","contentUrl":"https:\/\/mawera.com\/wp-content\/uploads\/mawera-logo-de@2x.png","width":583,"height":210,"caption":"MAWERA Holzfeuerungsanlagen GmbH"},"image":{"@id":"https:\/\/mawera.com\/it\/#\/schema\/logo\/image\/"},"sameAs":["https:\/\/www.linkedin.com\/company\/mawera-holzfeuerungsanlagen"]}]}},"_links":{"self":[{"href":"https:\/\/mawera.com\/it\/wp-json\/wp\/v2\/pages\/1632","targetHints":{"allow":["GET"]}}],"collection":[{"href":"https:\/\/mawera.com\/it\/wp-json\/wp\/v2\/pages"}],"about":[{"href":"https:\/\/mawera.com\/it\/wp-json\/wp\/v2\/types\/page"}],"author":[{"embeddable":true,"href":"https:\/\/mawera.com\/it\/wp-json\/wp\/v2\/users\/2"}],"replies":[{"embeddable":true,"href":"https:\/\/mawera.com\/it\/wp-json\/wp\/v2\/comments?post=1632"}],"version-history":[{"count":2,"href":"https:\/\/mawera.com\/it\/wp-json\/wp\/v2\/pages\/1632\/revisions"}],"predecessor-version":[{"id":6745,"href":"https:\/\/mawera.com\/it\/wp-json\/wp\/v2\/pages\/1632\/revisions\/6745"}],"wp:attachment":[{"href":"https:\/\/mawera.com\/it\/wp-json\/wp\/v2\/media?parent=1632"}],"curies":[{"name":"wp","href":"https:\/\/api.w.org\/{rel}","templated":true}]}}