{"id":6601,"date":"2025-05-19T14:16:42","date_gmt":"2025-05-19T12:16:42","guid":{"rendered":"https:\/\/mawera.com\/immagine-video\/"},"modified":"2025-10-08T11:27:17","modified_gmt":"2025-10-08T09:27:17","slug":"immagine-video","status":"publish","type":"page","link":"https:\/\/mawera.com\/it\/immagine-video\/","title":{"rendered":"Immagine video"},"content":{"rendered":"<div class=\"fusion-fullwidth fullwidth-box fusion-builder-row-1 fusion-flex-container has-pattern-background has-mask-background nonhundred-percent-fullwidth non-hundred-percent-height-scrolling\" style=\"--awb-border-radius-top-left:0px;--awb-border-radius-top-right:0px;--awb-border-radius-bottom-right:0px;--awb-border-radius-bottom-left:0px;\"><div class=\"fusion-builder-row fusion-row fusion-flex-align-items-flex-start\" style=\"max-width:1200px;margin-left: calc(-0% \/ 2 );margin-right: calc(-0% \/ 2 );\"><div class=\"fusion-layout-column fusion_builder_column fusion-builder-column-0 fusion_builder_column_1_1 1_1 fusion-flex-column\" style=\"--awb-bg-size:cover;--awb-width-large:100%;--awb-margin-top-large:0px;--awb-spacing-right-large:0%;--awb-margin-bottom-large:0px;--awb-spacing-left-large:0%;--awb-width-medium:100%;--awb-order-medium:0;--awb-spacing-right-medium:0%;--awb-spacing-left-medium:0%;--awb-width-small:100%;--awb-order-small:0;--awb-spacing-right-small:0%;--awb-spacing-left-small:0%;\"><div class=\"fusion-column-wrapper fusion-column-has-shadow fusion-flex-justify-content-flex-start fusion-content-layout-column\"><div class=\"fusion-video fusion-youtube\" style=\"--awb-max-width:2560px;--awb-max-height:1440px;\" data-autoplay=\"1\" itemprop=\"video\" itemscope itemtype=\"http:\/\/schema.org\/VideoObject\"><meta itemprop=\"duration\" content=\"PT14H14M30S\"><meta itemprop=\"name\" content=\"Megaprojekt in Finzelberg. MAWERA Stufenrostfeuerung SRT 8.000 kW bzw. 12.000 kg\/h Sattdampfleistung\"><meta itemprop=\"description\" content=\"Am Standort Andernach hat die Finzelberg GmbH &amp;<br \/>\nCo. KG eine moderne Biomasse-Dampfanlage von<br \/>\nMAWERA in Betrieb genommen. Die Anlage wird mit<br \/>\nregionalen Holzhackschnitzeln betrieben und versorgt<br \/>\ndie Produktion nachhaltig mit Prozessw\u00e4rme. Finzelberg<br \/>\nextrahiert Wirkstoffe aus pflanzlichen Rohstoffen,<br \/>\ndie zu hochwertigen Arzneimitteln weiterverarbeitet<br \/>\nwerden. F\u00fcr die thermische Aufbereitung<br \/>\n\u2013 insbesondere in Verdampfer- und Trocknungsanlagen<br \/>\n\u2013 wird eine gro\u00dfe Menge W\u00e4rme ben\u00f6tigt. Diese<br \/>\nwird derzeit \u00fcber Sattdampf bereitgestellt \u2013 k\u00fcnftig<br \/>\n\u00fcbernimmt dies vollst\u00e4ndig die neue Biomasseanlage.<\/p>\n<p>Mit dem Umstieg auf Biomasse spart das Unternehmen<br \/>\nj\u00e4hrlich rund 10.000 Tonnen CO\u2082-Emissionen<br \/>\nein \u2013 ein aktiver Beitrag zum Klimaschutz. Ein besonderes<br \/>\nHighlight des Projekts ist die integrierte Stromerzeugung<br \/>\nmittels eines Organic-Rankine-Cycle<br \/>\n(ORC)-Moduls. Dieses nutzt die Abw\u00e4rme der Anlage,<br \/>\num ein Arbeitsmedium zu verdampfen, das in einer<br \/>\nExpansionsmaschine einen Generator zur Stromerzeugung<br \/>\nantreibt. Anschlie\u00dfend wird das Medium im<br \/>\nKondensator wieder abgek\u00fchlt \u2013 ein geschlossenes<br \/>\nSystem f\u00fcr maximale Effizienz.<\/p>\n<p>FACTS<br \/>\nSchl\u00fcsselfertige Dampfanlage mit einer<br \/>\nNennleistung von 8.000 kW bzw. 12.000 kg\/h<br \/>\nSattdampfleistung<br \/>\nBRENNSTOFF: Waldhackgut, Altholz A1<br \/>\nSYSTEMUMFANG:<\/p>\n<p>Schubbodenaustragung<br \/>\nStufenrostfeuerung SRT<br \/>\nDampfkesselanlage mit SW-Economiser<br \/>\nKomplettes Entaschungssystem<br \/>\nRauchgasf\u00fchrung &amp; Abgasreinigung<br \/>\nZweiter Warmwasser-Economiser<\/p>\n<p>Freistehende Kaminanlage<br \/>\nWartungsb\u00fchne &amp; Podeste<br \/>\nElektroverkabelung<br \/>\nDampf- und wasserseitige Verrohrung<\/p>\n<p>Isolierung der Verrohrung<br \/>\nORC-Modul f\u00fcr Stromerzeugung<\/p>\n<p>Steuerung der Dampf-\/Wasserseite<\/p>\n<p>Mehr Informationen zur Stufenrostfeuerung:<br \/>\n\ud83d\udcbbmawera.com\/holzfeuerungsanlagen\/stufenrostfeuerung-850-bis-10-000-kw-srt\/\"><meta itemprop=\"uploadDate\" content=\"2025-05-19\"><meta itemprop=\"thumbnailUrl\" content=\"https:\/\/i3.ytimg.com\/vi\/\/hqdefault.jpg\"><meta itemprop=\"embedUrl\" content=\"https:\/\/www.youtube.com\/embed\/\"><div class=\"video-shortcode\"><lite-youtube videoid class=\"landscape\" params=\"wmode=transparent&amp;autoplay=1&amp;enablejsapi=1\" title=\"YouTube video player 1\" width=\"2560\" height=\"1440\"><\/lite-youtube><\/div><\/div><\/div><\/div><\/div><\/div>","protected":false},"excerpt":{"rendered":"","protected":false},"author":10,"featured_media":0,"parent":0,"menu_order":0,"comment_status":"closed","ping_status":"closed","template":"100-width.php","meta":{"om_disable_all_campaigns":false,"wp_typography_post_enhancements_disabled":false,"footnotes":""},"class_list":["post-6601","page","type-page","status-publish","hentry"],"yoast_head":"<!-- This site is optimized with the Yoast SEO plugin v27.5 - https:\/\/yoast.com\/product\/yoast-seo-wordpress\/ -->\n<title>Immagine video &#8211; MAWERA GmbH<\/title>\n<meta name=\"robots\" content=\"index, follow, max-snippet:-1, max-image-preview:large, max-video-preview:-1\" \/>\n<link rel=\"canonical\" href=\"https:\/\/mawera.com\/it\/immagine-video\/\" \/>\n<meta property=\"og:locale\" content=\"it_IT\" \/>\n<meta property=\"og:type\" content=\"article\" \/>\n<meta property=\"og:title\" content=\"Immagine video &#8211; MAWERA GmbH\" \/>\n<meta property=\"og:url\" content=\"https:\/\/mawera.com\/it\/immagine-video\/\" \/>\n<meta property=\"og:site_name\" content=\"MAWERA GmbH\" \/>\n<meta property=\"article:modified_time\" content=\"2025-10-08T09:27:17+00:00\" \/>\n<meta name=\"twitter:card\" content=\"summary_large_image\" \/>\n<script type=\"application\/ld+json\" class=\"yoast-schema-graph\">{\"@context\":\"https:\\\/\\\/schema.org\",\"@graph\":[{\"@type\":\"WebPage\",\"@id\":\"https:\\\/\\\/mawera.com\\\/it\\\/immagine-video\\\/\",\"url\":\"https:\\\/\\\/mawera.com\\\/it\\\/immagine-video\\\/\",\"name\":\"Immagine video &#8211; MAWERA GmbH\",\"isPartOf\":{\"@id\":\"https:\\\/\\\/mawera.com\\\/it\\\/#website\"},\"datePublished\":\"2025-05-19T12:16:42+00:00\",\"dateModified\":\"2025-10-08T09:27:17+00:00\",\"breadcrumb\":{\"@id\":\"https:\\\/\\\/mawera.com\\\/it\\\/immagine-video\\\/#breadcrumb\"},\"inLanguage\":\"it-IT\",\"potentialAction\":[{\"@type\":\"ReadAction\",\"target\":[\"https:\\\/\\\/mawera.com\\\/it\\\/immagine-video\\\/\"]}]},{\"@type\":\"BreadcrumbList\",\"@id\":\"https:\\\/\\\/mawera.com\\\/it\\\/immagine-video\\\/#breadcrumb\",\"itemListElement\":[{\"@type\":\"ListItem\",\"position\":1,\"name\":\"Startseite\",\"item\":\"https:\\\/\\\/mawera.com\\\/it\\\/\"},{\"@type\":\"ListItem\",\"position\":2,\"name\":\"Immagine video\"}]},{\"@type\":\"WebSite\",\"@id\":\"https:\\\/\\\/mawera.com\\\/it\\\/#website\",\"url\":\"https:\\\/\\\/mawera.com\\\/it\\\/\",\"name\":\"MAWERA Holzfeuerungsanlagen GmbH\",\"description\":\"Neulandstra\u00dfe 30, 6971 Hard, \u00d6sterreich\",\"publisher\":{\"@id\":\"https:\\\/\\\/mawera.com\\\/it\\\/#organization\"},\"potentialAction\":[{\"@type\":\"SearchAction\",\"target\":{\"@type\":\"EntryPoint\",\"urlTemplate\":\"https:\\\/\\\/mawera.com\\\/it\\\/?s={search_term_string}\"},\"query-input\":{\"@type\":\"PropertyValueSpecification\",\"valueRequired\":true,\"valueName\":\"search_term_string\"}}],\"inLanguage\":\"it-IT\"},{\"@type\":\"Organization\",\"@id\":\"https:\\\/\\\/mawera.com\\\/it\\\/#organization\",\"name\":\"MAWERA Holzfeuerungsanlagen GmbH\",\"url\":\"https:\\\/\\\/mawera.com\\\/it\\\/\",\"logo\":{\"@type\":\"ImageObject\",\"inLanguage\":\"it-IT\",\"@id\":\"https:\\\/\\\/mawera.com\\\/it\\\/#\\\/schema\\\/logo\\\/image\\\/\",\"url\":\"https:\\\/\\\/mawera.com\\\/wp-content\\\/uploads\\\/mawera-logo-de@2x.png\",\"contentUrl\":\"https:\\\/\\\/mawera.com\\\/wp-content\\\/uploads\\\/mawera-logo-de@2x.png\",\"width\":583,\"height\":210,\"caption\":\"MAWERA Holzfeuerungsanlagen GmbH\"},\"image\":{\"@id\":\"https:\\\/\\\/mawera.com\\\/it\\\/#\\\/schema\\\/logo\\\/image\\\/\"},\"sameAs\":[\"https:\\\/\\\/www.linkedin.com\\\/company\\\/mawera-holzfeuerungsanlagen\"]}]}<\/script>\n<!-- \/ Yoast SEO plugin. -->","yoast_head_json":{"title":"Immagine video &#8211; MAWERA GmbH","robots":{"index":"index","follow":"follow","max-snippet":"max-snippet:-1","max-image-preview":"max-image-preview:large","max-video-preview":"max-video-preview:-1"},"canonical":"https:\/\/mawera.com\/it\/immagine-video\/","og_locale":"it_IT","og_type":"article","og_title":"Immagine video &#8211; MAWERA GmbH","og_url":"https:\/\/mawera.com\/it\/immagine-video\/","og_site_name":"MAWERA GmbH","article_modified_time":"2025-10-08T09:27:17+00:00","twitter_card":"summary_large_image","schema":{"@context":"https:\/\/schema.org","@graph":[{"@type":"WebPage","@id":"https:\/\/mawera.com\/it\/immagine-video\/","url":"https:\/\/mawera.com\/it\/immagine-video\/","name":"Immagine video &#8211; MAWERA GmbH","isPartOf":{"@id":"https:\/\/mawera.com\/it\/#website"},"datePublished":"2025-05-19T12:16:42+00:00","dateModified":"2025-10-08T09:27:17+00:00","breadcrumb":{"@id":"https:\/\/mawera.com\/it\/immagine-video\/#breadcrumb"},"inLanguage":"it-IT","potentialAction":[{"@type":"ReadAction","target":["https:\/\/mawera.com\/it\/immagine-video\/"]}]},{"@type":"BreadcrumbList","@id":"https:\/\/mawera.com\/it\/immagine-video\/#breadcrumb","itemListElement":[{"@type":"ListItem","position":1,"name":"Startseite","item":"https:\/\/mawera.com\/it\/"},{"@type":"ListItem","position":2,"name":"Immagine video"}]},{"@type":"WebSite","@id":"https:\/\/mawera.com\/it\/#website","url":"https:\/\/mawera.com\/it\/","name":"MAWERA Holzfeuerungsanlagen GmbH","description":"Neulandstra\u00dfe 30, 6971 Hard, \u00d6sterreich","publisher":{"@id":"https:\/\/mawera.com\/it\/#organization"},"potentialAction":[{"@type":"SearchAction","target":{"@type":"EntryPoint","urlTemplate":"https:\/\/mawera.com\/it\/?s={search_term_string}"},"query-input":{"@type":"PropertyValueSpecification","valueRequired":true,"valueName":"search_term_string"}}],"inLanguage":"it-IT"},{"@type":"Organization","@id":"https:\/\/mawera.com\/it\/#organization","name":"MAWERA Holzfeuerungsanlagen GmbH","url":"https:\/\/mawera.com\/it\/","logo":{"@type":"ImageObject","inLanguage":"it-IT","@id":"https:\/\/mawera.com\/it\/#\/schema\/logo\/image\/","url":"https:\/\/mawera.com\/wp-content\/uploads\/mawera-logo-de@2x.png","contentUrl":"https:\/\/mawera.com\/wp-content\/uploads\/mawera-logo-de@2x.png","width":583,"height":210,"caption":"MAWERA Holzfeuerungsanlagen GmbH"},"image":{"@id":"https:\/\/mawera.com\/it\/#\/schema\/logo\/image\/"},"sameAs":["https:\/\/www.linkedin.com\/company\/mawera-holzfeuerungsanlagen"]}]}},"_links":{"self":[{"href":"https:\/\/mawera.com\/it\/wp-json\/wp\/v2\/pages\/6601","targetHints":{"allow":["GET"]}}],"collection":[{"href":"https:\/\/mawera.com\/it\/wp-json\/wp\/v2\/pages"}],"about":[{"href":"https:\/\/mawera.com\/it\/wp-json\/wp\/v2\/types\/page"}],"author":[{"embeddable":true,"href":"https:\/\/mawera.com\/it\/wp-json\/wp\/v2\/users\/10"}],"replies":[{"embeddable":true,"href":"https:\/\/mawera.com\/it\/wp-json\/wp\/v2\/comments?post=6601"}],"version-history":[{"count":5,"href":"https:\/\/mawera.com\/it\/wp-json\/wp\/v2\/pages\/6601\/revisions"}],"predecessor-version":[{"id":7414,"href":"https:\/\/mawera.com\/it\/wp-json\/wp\/v2\/pages\/6601\/revisions\/7414"}],"wp:attachment":[{"href":"https:\/\/mawera.com\/it\/wp-json\/wp\/v2\/media?parent=6601"}],"curies":[{"name":"wp","href":"https:\/\/api.w.org\/{rel}","templated":true}]}}